{"id":3,"date":"2023-03-16T12:17:15","date_gmt":"2023-03-16T12:17:15","guid":{"rendered":"https:\/\/petsdrawings.com\/?page_id=3"},"modified":"2023-04-29T17:19:36","modified_gmt":"2023-04-29T17:19:36","slug":"privacy-policy","status":"publish","type":"page","link":"https:\/\/petsdrawings.com\/es\/privacy-policy\/","title":{"rendered":"Pol\u00edtica de Privacidad"},"content":{"rendered":"<h1><strong>Pol\u00edtica de Privacidad<\/strong><\/h1>\n<p>&nbsp;<\/p>\n<p>541 \/ 5.000\nResultados de traducci\u00f3n\nResultado de traducci\u00f3n\nEsta Pol\u00edtica de privacidad describe las pol\u00edticas de Meili Stringfellow, Calle Rodrigo de Triana, Vera 04621, Espa\u00f1a, correo electr\u00f3nico: meilistringfellow@gmail.com, tel\u00e9fono: +34 636386531 sobre la recopilaci\u00f3n, el uso y la divulgaci\u00f3n de su informaci\u00f3n que recopilamos cuando utiliza nuestro sitio web (https:\/\/petsdrawings.com\/). (el servicio\"). Al acceder o utilizar el Servicio, usted acepta la recopilaci\u00f3n, el uso y la divulgaci\u00f3n de su informaci\u00f3n de acuerdo con esta Pol\u00edtica de privacidad. Si no da su consentimiento, no acceda ni utilice el Servicio.<\/p>\n<p>Podemos modificar esta Pol\u00edtica de privacidad en cualquier momento sin previo aviso y publicaremos la Pol\u00edtica de privacidad revisada en el Servicio. La Pol\u00edtica revisada entrar\u00e1 en vigencia 180 d\u00edas despu\u00e9s de que la Pol\u00edtica revisada se publique en el Servicio y su acceso o uso continuo del Servicio despu\u00e9s de ese tiempo constituir\u00e1 su aceptaci\u00f3n de la Pol\u00edtica de privacidad revisada. Por lo tanto, le recomendamos que revise peri\u00f3dicamente esta p\u00e1gina.<\/p>\n<ol>\n<li><strong>Informaci\u00f3n que recopilamos:<\/strong><\/li>\n<\/ol>\n<p>Recopilaremos y procesaremos la siguiente informaci\u00f3n personal sobre usted:<\/p>\n<ol>\n<li>Nombre<\/li>\n<li>Email<\/li>\n<li>Tel\u00e9fono<\/li>\n<\/ol>\n<ol start=\"2\">\n<li><strong>C\u00f3mo usamos su informaci\u00f3n:<\/strong><\/li>\n<\/ol>\n<p>Usaremos la informaci\u00f3n que recopilamos sobre usted para los siguientes prop\u00f3sitos:<\/p>\n<ul>\n<li>\u00danicamente recibimos informaci\u00f3n de contacto al realizar y formalizar un pedido.<\/li>\n<\/ul>\n<p>Si queremos usar su informaci\u00f3n para cualquier otro prop\u00f3sito, le pediremos su consentimiento y usaremos su informaci\u00f3n solo al recibir su consentimiento y luego, solo para los fines para los cuales otorgue el consentimiento, a menos que se nos solicite lo contrario por ley.<\/p>\n<ol start=\"3\">\n<li><strong>Retenci\u00f3n de su informaci\u00f3n:<\/strong><\/li>\n<\/ol>\n<p>Solo publicamos los dibujos realizados por m\u00ed con la autorizaci\u00f3n del propietario. o durante el tiempo que la necesitemos para cumplir con los fines para los que se recopil\u00f3, tal como se detalla en esta Pol\u00edtica de privacidad. Es posible que necesitemos conservar cierta informaci\u00f3n durante per\u00edodos m\u00e1s largos, como el mantenimiento de registros\/informes de acuerdo con la ley aplicable o por otras razones leg\u00edtimas, como el cumplimiento de los derechos legales, la prevenci\u00f3n del fraude, etc. Informaci\u00f3n an\u00f3nima residual e informaci\u00f3n agregada, ninguna de las cuales lo identifica (directa o indirectamente), puede almacenarse indefinidamente.<\/p>\n<ol start=\"4\">\n<li><strong>Tus derechos:<\/strong><\/li>\n<\/ol>\n<p>Dependiendo de la ley que se aplique, puede tener derecho a acceder y rectificar o borrar sus datos personales o recibir una copia de sus datos personales, restringir u oponerse al procesamiento activo de sus datos, pedirnos que compartamos (portemos) su informaci\u00f3n personal informaci\u00f3n a otra entidad, retirar cualquier consentimiento que nos haya proporcionado para procesar sus datos, el derecho a presentar una queja ante una autoridad legal y cualquier otro derecho que pueda ser relevante seg\u00fan las leyes aplicables. Para ejercer estos derechos, puede escribirnos a meilistringfellow@gmail.com. Responderemos a su solicitud de acuerdo con la ley aplicable.<\/p>\n<p>Tenga en cuenta que si no nos permite recopilar o procesar la informaci\u00f3n personal requerida o retirar el consentimiento para procesar la misma para los fines requeridos, es posible que no pueda acceder o utilizar los servicios para los que se solicit\u00f3 su informaci\u00f3n.<\/p>\n<ol start=\"5\">\n<li><strong>Cookies Etc.<\/strong><\/li>\n<\/ol>\n<p>Para obtener m\u00e1s informaci\u00f3n sobre c\u00f3mo usamos estos y sus opciones en relaci\u00f3n con estas tecnolog\u00edas de seguimiento, consulte nuestro <a href=\"https:\/\/petsdrawings.com\/es\/cookie-policy\/\">Cookie Policy.<\/a><\/p>\n<ol start=\"6\">\n<li><strong>Seguridad:<\/strong><\/li>\n<\/ol>\n<p>La seguridad de su informaci\u00f3n es importante para nosotros y utilizaremos medidas de seguridad razonables para evitar la p\u00e9rdida, mal uso o alteraci\u00f3n no autorizada de su informaci\u00f3n bajo nuestro control. Sin embargo, dados los riesgos inherentes, no podemos garantizar la seguridad absoluta y, en consecuencia, no podemos asegurar ni garantizar la seguridad de cualquier informaci\u00f3n que nos transmita y lo hace bajo su propio riesgo.<\/p>\n<ol start=\"7\">\n<li><strong>Responsable de Quejas\/Protecci\u00f3n de Datos:<\/strong><\/li>\n<\/ol>\n<p>Si tiene alguna consulta o inquietud sobre el procesamiento de su informaci\u00f3n que est\u00e1 disponible con nosotros, puede enviar un correo electr\u00f3nico a nuestro Oficial de quejas en Meili Stringfellow, Calle Rodrigo de Triana, correo electr\u00f3nico: meilistringfellow@gmail.com. Abordaremos sus inquietudes de acuerdo con la ley aplicable.<\/p>","protected":false},"excerpt":{"rendered":"<p>Privacy Policy &nbsp; This Privacy Policy describes the policies of Meili Stringfellow, Calle Rodrigo de Triana, Vera 04621, Spain, email: meilistringfellow@gmail.com, phone: +34\u00a0636386531 on the collection, use and disclosure of your information that we collect when you use our website ( https:\/\/petsdrawings.com\/ ). (the \u201cService\u201d). By accessing or using the Service, you are consenting to [&hellip;]<\/p>","protected":false},"author":1,"featured_media":0,"parent":0,"menu_order":0,"comment_status":"closed","ping_status":"open","template":"","meta":{"footnotes":""},"class_list":["post-3","page","type-page","status-publish","hentry"],"yoast_head":"<!-- This site is optimized with the Yoast SEO plugin v25.2 - https:\/\/yoast.com\/wordpress\/plugins\/seo\/ -->\n<title>Privacy Policy - Pets Drawings by Meili Stringfellow<\/title>\n<meta name=\"robots\" content=\"index, follow, max-snippet:-1, max-image-preview:large, max-video-preview:-1\" \/>\n<link rel=\"canonical\" href=\"https:\/\/petsdrawings.com\/es\/privacy-policy\/\" \/>\n<meta property=\"og:locale\" content=\"es_ES\" \/>\n<meta property=\"og:type\" content=\"article\" \/>\n<meta property=\"og:title\" content=\"Privacy Policy - Pets Drawings by Meili Stringfellow\" \/>\n<meta property=\"og:description\" content=\"Privacy Policy &nbsp; This Privacy Policy describes the policies of Meili Stringfellow, Calle Rodrigo de Triana, Vera 04621, Spain, email: meilistringfellow@gmail.com, phone: +34\u00a0636386531 on the collection, use and disclosure of your information that we collect when you use our website ( https:\/\/petsdrawings.com\/ ). (the \u201cService\u201d). By accessing or using the Service, you are consenting to [&hellip;]\" \/>\n<meta property=\"og:url\" content=\"https:\/\/petsdrawings.com\/es\/privacy-policy\/\" \/>\n<meta property=\"og:site_name\" content=\"Pets Drawings by Meili Stringfellow\" \/>\n<meta property=\"article:modified_time\" content=\"2023-04-29T17:19:36+00:00\" \/>\n<meta name=\"twitter:card\" content=\"summary_large_image\" \/>\n<meta name=\"twitter:label1\" content=\"Tiempo de lectura\" \/>\n\t<meta name=\"twitter:data1\" content=\"3 minutos\" \/>\n<script type=\"application\/ld+json\" class=\"yoast-schema-graph\">{\"@context\":\"https:\/\/schema.org\",\"@graph\":[{\"@type\":\"WebPage\",\"@id\":\"https:\/\/petsdrawings.com\/privacy-policy\/\",\"url\":\"https:\/\/petsdrawings.com\/privacy-policy\/\",\"name\":\"Privacy Policy - Pets Drawings by Meili Stringfellow\",\"isPartOf\":{\"@id\":\"https:\/\/petsdrawings.com\/#website\"},\"datePublished\":\"2023-03-16T12:17:15+00:00\",\"dateModified\":\"2023-04-29T17:19:36+00:00\",\"breadcrumb\":{\"@id\":\"https:\/\/petsdrawings.com\/privacy-policy\/#breadcrumb\"},\"inLanguage\":\"es\",\"potentialAction\":[{\"@type\":\"ReadAction\",\"target\":[\"https:\/\/petsdrawings.com\/privacy-policy\/\"]}]},{\"@type\":\"BreadcrumbList\",\"@id\":\"https:\/\/petsdrawings.com\/privacy-policy\/#breadcrumb\",\"itemListElement\":[{\"@type\":\"ListItem\",\"position\":1,\"name\":\"Home\",\"item\":\"https:\/\/petsdrawings.com\/\"},{\"@type\":\"ListItem\",\"position\":2,\"name\":\"Privacy Policy\"}]},{\"@type\":\"WebSite\",\"@id\":\"https:\/\/petsdrawings.com\/#website\",\"url\":\"https:\/\/petsdrawings.com\/\",\"name\":\"Pets Drawings by Meili Stringfellow\",\"description\":\"\",\"publisher\":{\"@id\":\"https:\/\/petsdrawings.com\/#\/schema\/person\/0528af946604d107d919166794eb4add\"},\"potentialAction\":[{\"@type\":\"SearchAction\",\"target\":{\"@type\":\"EntryPoint\",\"urlTemplate\":\"https:\/\/petsdrawings.com\/?s={search_term_string}\"},\"query-input\":{\"@type\":\"PropertyValueSpecification\",\"valueRequired\":true,\"valueName\":\"search_term_string\"}}],\"inLanguage\":\"es\"},{\"@type\":[\"Person\",\"Organization\"],\"@id\":\"https:\/\/petsdrawings.com\/#\/schema\/person\/0528af946604d107d919166794eb4add\",\"name\":\"Meili Stringfellow\",\"image\":{\"@type\":\"ImageObject\",\"inLanguage\":\"es\",\"@id\":\"https:\/\/petsdrawings.com\/#\/schema\/person\/image\/\",\"url\":\"https:\/\/petsdrawings.com\/wp-content\/uploads\/2023\/03\/logo_web.jpg\",\"contentUrl\":\"https:\/\/petsdrawings.com\/wp-content\/uploads\/2023\/03\/logo_web.jpg\",\"width\":480,\"height\":264,\"caption\":\"Meili Stringfellow\"},\"logo\":{\"@id\":\"https:\/\/petsdrawings.com\/#\/schema\/person\/image\/\"},\"sameAs\":[\"https:\/\/petsdrawings.com\/\"]}]}<\/script>\n<!-- \/ Yoast SEO plugin. -->","yoast_head_json":{"title":"Privacy Policy - Pets Drawings by Meili Stringfellow","robots":{"index":"index","follow":"follow","max-snippet":"max-snippet:-1","max-image-preview":"max-image-preview:large","max-video-preview":"max-video-preview:-1"},"canonical":"https:\/\/petsdrawings.com\/es\/privacy-policy\/","og_locale":"es_ES","og_type":"article","og_title":"Privacy Policy - Pets Drawings by Meili Stringfellow","og_description":"Privacy Policy &nbsp; This Privacy Policy describes the policies of Meili Stringfellow, Calle Rodrigo de Triana, Vera 04621, Spain, email: meilistringfellow@gmail.com, phone: +34\u00a0636386531 on the collection, use and disclosure of your information that we collect when you use our website ( https:\/\/petsdrawings.com\/ ). (the \u201cService\u201d). By accessing or using the Service, you are consenting to [&hellip;]","og_url":"https:\/\/petsdrawings.com\/es\/privacy-policy\/","og_site_name":"Pets Drawings by Meili Stringfellow","article_modified_time":"2023-04-29T17:19:36+00:00","twitter_card":"summary_large_image","twitter_misc":{"Tiempo de lectura":"3 minutos"},"schema":{"@context":"https:\/\/schema.org","@graph":[{"@type":"WebPage","@id":"https:\/\/petsdrawings.com\/privacy-policy\/","url":"https:\/\/petsdrawings.com\/privacy-policy\/","name":"Privacy Policy - Pets Drawings by Meili Stringfellow","isPartOf":{"@id":"https:\/\/petsdrawings.com\/#website"},"datePublished":"2023-03-16T12:17:15+00:00","dateModified":"2023-04-29T17:19:36+00:00","breadcrumb":{"@id":"https:\/\/petsdrawings.com\/privacy-policy\/#breadcrumb"},"inLanguage":"es","potentialAction":[{"@type":"ReadAction","target":["https:\/\/petsdrawings.com\/privacy-policy\/"]}]},{"@type":"BreadcrumbList","@id":"https:\/\/petsdrawings.com\/privacy-policy\/#breadcrumb","itemListElement":[{"@type":"ListItem","position":1,"name":"Home","item":"https:\/\/petsdrawings.com\/"},{"@type":"ListItem","position":2,"name":"Privacy Policy"}]},{"@type":"WebSite","@id":"https:\/\/petsdrawings.com\/#website","url":"https:\/\/petsdrawings.com\/","name":"Pets Drawings by Meili Stringfellow","description":"","publisher":{"@id":"https:\/\/petsdrawings.com\/#\/schema\/person\/0528af946604d107d919166794eb4add"},"potentialAction":[{"@type":"SearchAction","target":{"@type":"EntryPoint","urlTemplate":"https:\/\/petsdrawings.com\/?s={search_term_string}"},"query-input":{"@type":"PropertyValueSpecification","valueRequired":true,"valueName":"search_term_string"}}],"inLanguage":"es"},{"@type":["Person","Organization"],"@id":"https:\/\/petsdrawings.com\/#\/schema\/person\/0528af946604d107d919166794eb4add","name":"Meili Stringfellow","image":{"@type":"ImageObject","inLanguage":"es","@id":"https:\/\/petsdrawings.com\/#\/schema\/person\/image\/","url":"https:\/\/petsdrawings.com\/wp-content\/uploads\/2023\/03\/logo_web.jpg","contentUrl":"https:\/\/petsdrawings.com\/wp-content\/uploads\/2023\/03\/logo_web.jpg","width":480,"height":264,"caption":"Meili Stringfellow"},"logo":{"@id":"https:\/\/petsdrawings.com\/#\/schema\/person\/image\/"},"sameAs":["https:\/\/petsdrawings.com\/"]}]}},"_links":{"self":[{"href":"https:\/\/petsdrawings.com\/es\/wp-json\/wp\/v2\/pages\/3","targetHints":{"allow":["GET"]}}],"collection":[{"href":"https:\/\/petsdrawings.com\/es\/wp-json\/wp\/v2\/pages"}],"about":[{"href":"https:\/\/petsdrawings.com\/es\/wp-json\/wp\/v2\/types\/page"}],"author":[{"embeddable":true,"href":"https:\/\/petsdrawings.com\/es\/wp-json\/wp\/v2\/users\/1"}],"replies":[{"embeddable":true,"href":"https:\/\/petsdrawings.com\/es\/wp-json\/wp\/v2\/comments?post=3"}],"version-history":[{"count":6,"href":"https:\/\/petsdrawings.com\/es\/wp-json\/wp\/v2\/pages\/3\/revisions"}],"predecessor-version":[{"id":1520,"href":"https:\/\/petsdrawings.com\/es\/wp-json\/wp\/v2\/pages\/3\/revisions\/1520"}],"wp:attachment":[{"href":"https:\/\/petsdrawings.com\/es\/wp-json\/wp\/v2\/media?parent=3"}],"curies":[{"name":"wp","href":"https:\/\/api.w.org\/{rel}","templated":true}]}}