{"id":1635,"date":"2023-05-05T10:06:33","date_gmt":"2023-05-05T10:06:33","guid":{"rendered":"https:\/\/petsdrawings.com\/?page_id=1635"},"modified":"2025-03-07T19:26:27","modified_gmt":"2025-03-07T19:26:27","slug":"order","status":"publish","type":"page","link":"https:\/\/petsdrawings.com\/es\/order\/","title":{"rendered":"Pedidos"},"content":{"rendered":"<section id=\"ut-section-69d13928d21c5\" data-vc-full-width=\"true\" data-vc-full-width-init=\"false\" data-cursor-skin=\"global\" class=\"vc_section ut-vc-200 vc_section-has-no-fill ut-section-69d13928d21cc\"><div id=\"ut-row-69d13928d2930\" data-vc-full-width=\"true\" data-vc-full-width-init=\"false\" class=\"vc_row wpb_row vc_row-fluid vc_column-gap-0 ut-animate-element animated ut-row-69d13928d2a2f\" data-effect=\"fadeIn\" data-animateonce=\"yes\" data-delay=\"200\" data-animation-duration=\"2.9s\"><div class=\"wpb_column vc_column_container vc_col-lg-4 vc_col-md-4 vc_col-sm-12 vc_col-xs-12\" ><div id=\"ut_inner_column_69d13928d3021\" class=\"vc_column-inner\" ><div class=\"wpb_wrapper\"><div class=\"wpb_content_element\"><style type=\"text\/css\">#ut_header_69d13928d3310 h1.section-title { font-size:100px !important;line-height:120px !important;letter-spacing:-0.03em; }@media (min-width: 1025px) and (max-width: 1679px) {#ut_header_69d13928d3310 h1.section-title { font-size:60px !important; }}@media (min-width: 768px) and (max-width: 1024px) {#ut_header_69d13928d3310 h1.section-title { font-size:50px !important; }}@media (max-width: 767px) {#ut_header_69d13928d3310 h1.section-title { font-size:40px !important; }}<\/style><header id=\"ut_header_69d13928d3310\" class=\"section-header  ut-no-lead-linebreak-mobile pt-style-2 header-left header-tablet-center header-mobile-center\"><h1 data-title=\"Order\"  data-responsive-font=\"section_title\" data-responsive-font-settings=\"{&quot;base-font-size&quot;:&quot;100&quot;,&quot;font-size-unit&quot;:&quot;px&quot;,&quot;font-size&quot;:{&quot;desktop_large&quot;:&quot;100&quot;,&quot;desktop_small&quot;:&quot;60&quot;,&quot;tablet&quot;:&quot;50&quot;,&quot;mobile&quot;:&quot;40&quot;},&quot;base-line-height&quot;:&quot;120&quot;,&quot;line-height-unit&quot;:&quot;px&quot;,&quot;line-height&quot;:{&quot;desktop_large&quot;:&quot;120&quot;},&quot;base-letter-spacing&quot;:&quot;global&quot;,&quot;letter-spacing&quot;:{&quot;desktop_large&quot;:&quot;-0.03&quot;}}\" class=\"section-title\"><span>Pedidos<\/span><\/h1><div data-delay=\"0\" class=\"lead\"><p>Para crear un dibujo personalizado de tu mascota, es importante que env\u00edes una foto clara.<\/p>\n<p>La foto debe ser tomada en buena luz y de frente, mostrando los detalles de su rostro y sus expresiones \u00fanicas.<\/p>\n<p>Por favor, aseg\u00farate de enviar una foto n\u00edtida y sin sombras para que pueda crear una obra de arte que refleje la verdadera personalidad de tu mascota.<\/p>\n<p>Mis precios dependen de:<br \/>\n* Tama\u00f1o.<br \/>\n* Numero de figuras.<br \/>\n* Dificultad, basada en: detalles y tiempo de realizaci\u00f3n.<br \/>\n* El mas b\u00e1sico tama\u00f1o A4, una figura simple a partir de 50 euros + env\u00edo.<\/p>\n<p>La mejora forma de env\u00edo seria a mi correo: info@petsdrawings.com, de esta forma la imagen conservara su calidad \ud83d\ude0a<\/p>\n<\/div><\/header><\/div><div class=\"wpb_content_element\"><style type=\"text\/css\">#bklyn_cta_69d13928d5e53 .bklyn-call-to-action-title { font-size: 40px; }#bklyn_btn_69d13928d5e54 .bklyn-btn { color:#ffffff !important; border-width:px !important; border-radius:px !important; background-color:#0a0a0a !important; }#bklyn_btn_69d13928d5e54 .bklyn-btn:hover{ color:#0a0a0a !important; background-color:#d8d8d8 !important; }#bklyn_btn_69d13928d5e54 .bklyn-btn:focus{ color:#0a0a0a !important; background-color:#d8d8d8 !important; }#bklyn_btn_69d13928d5e54 .bklyn-btn:active { color:#0a0a0a !important; background-color:#d8d8d8 !important; }<\/style><div id=\"bklyn_cta_69d13928d5e53\" class=\"bklyn-call-to-action-wrapper\"><div class=\"bklyn-call-to-action-inner clearfix\"><div class=\"bklyn-call-to-action-button-holder\"><div id=\"bklyn_btn_69d13928d5e54\" class=\"bklyn-btn-holder bklyn-btn-center bklyn-btn-tablet-center bklyn-btn-mobile-center\"><a title=\"\" href=\"mailto:info@petsdrawings.com\" target=\"_self\" class=\"bklyn-btn bklyn-btn-normal\" >info@petsdrawings.com<\/a><\/div><\/div><\/div><\/div><\/div><\/div><\/div><\/div><div class=\"wpb_column vc_column_container vc_col-sm-1 vc_col-lg-1 vc_col-md-1 vc_hidden-sm vc_hidden-xs\" ><div id=\"ut_inner_column_69d13928d5f53\" class=\"vc_column-inner\" ><div class=\"wpb_wrapper\"><\/div><\/div><\/div><div class=\"wpb_column vc_column_container vc_col-lg-7 vc_col-md-7 vc_col-sm-12 vc_col-xs-12\" ><div id=\"ut_inner_column_69d13928d5ff6\" class=\"vc_column-inner\" ><div class=\"wpb_wrapper\"><div class=\"wpb_content_element\"><style type=\"text\/css\">#ut_header_69d13928d637e h2.section-title { font-size:60px !important;letter-spacing:-0.03em; }@media (min-width: 1025px) and (max-width: 1679px) {#ut_header_69d13928d637e h2.section-title { font-size:50px !important; }}@media (min-width: 768px) and (max-width: 1024px) {#ut_header_69d13928d637e h2.section-title { font-size:50px !important; }}@media (max-width: 767px) {#ut_header_69d13928d637e h2.section-title { font-size:40px !important; }}<\/style><header id=\"ut_header_69d13928d637e\" class=\"section-header  ut-no-title-linebreak-mobile ut-no-lead-linebreak-mobile pt-style-2 header-left header-tablet-left header-mobile-center\"><h2 data-title=\"Example\"  data-responsive-font=\"section_title\" data-responsive-font-settings=\"{&quot;base-font-size&quot;:&quot;global&quot;,&quot;font-size&quot;:{&quot;desktop_large&quot;:&quot;60&quot;,&quot;desktop_small&quot;:&quot;50&quot;,&quot;tablet&quot;:&quot;50&quot;,&quot;mobile&quot;:&quot;40&quot;},&quot;base-line-height&quot;:&quot;global&quot;,&quot;base-letter-spacing&quot;:&quot;global&quot;,&quot;letter-spacing&quot;:{&quot;desktop_large&quot;:&quot;-0.03&quot;}}\" class=\"section-title\"><span>Ejemplo<\/span><\/h2><\/header><\/div><div class=\"wpb_content_element ut-gallery-40  clearfix\"><style type=\"text\/css\">#ut_ig_69d13928d6855 .ut-lazy:not(.ut-image-loaded) + .ut-video-module-loading { display:block; }#ut_ig_69d13928d6855 .ut-lazy.ut-image-loaded + .ut-video-module-loading { display:none; }#ut_ig_69d13928d6855 .ut-animate-gallery-element { opacity: 0; }#ut_ig_69d13928d6855 .ut-image-gallery-item-caption-title h3 { color: #ffffff; }#ut_ig_69d13928d6855 .ut-image-gallery-item-caption-title h3 { font-weight: 400; }#ut_ig_69d13928d6855 .ut-image-gallery-item-caption-title h3 { font-size: 13px; }#ut_ig_69d13928d6855 .ut-image-gallery-loader-inner { border-top-color: rgba(0,0,0,0.65); border-left-color: rgba(0,0,0,0.65); }#ut_ig_69d13928d6855 .ut-image-gallery-loader-inner { border-bottom-color: rgba(0,0,0,0.15); border-right-color: rgba(0,0,0,0.15); }#ut_ig_69d13928d6855 .ut-image-gallery-item-wrap {width: calc(50% - 40px);margin-bottom: 40px;}#ut_ig_69d13928d6855 .ut-image-gallery-item,#ut_ig_69d13928d6855 .ut-image-gallery-item-wrap {padding: 0;}#ut_ig_69d13928d6855 .ut-image-gallery-sizer {width: calc(50% - 40px);}@media (min-width: 768px) and (max-width: 1024px) {#ut_ig_69d13928d6855 {margin-right: -30px;}#ut_ig_69d13928d6855 .ut-image-gallery-item-wrap {width: calc(50% - 30px);margin-bottom: 30px;}#ut_ig_69d13928d6855 .ut-image-gallery-sizer {width: calc(50% - 30px);}}@media (max-width: 767px) {#ut_ig_69d13928d6855 {margin-right: -20px;}#ut_ig_69d13928d6855 .ut-image-gallery-item-wrap {width: calc(50% - 20px);margin-bottom: 20px;}#ut_ig_69d13928d6855 .ut-image-gallery-sizer {width: calc(50% - 20px);}}<\/style><div id=\"ut_ig_69d13928d6855\" class=\"ut-image-gallery ut-image-gallery-module  ut-image-gallery-40 ut-image-gallery-masonry clearfix\" data-settings=\"{&quot;animate&quot;:true,&quot;effect&quot;:&quot;fadeIn&quot;,&quot;lazy&quot;:true,&quot;delay_animation&quot;:true,&quot;global_delay_animation&quot;:false,&quot;delay_timer&quot;:100,&quot;global_delay_timer&quot;:100}\" data-mason-gal=\"on\" data-mason-gal-gutter=\"40\" data-mason-gal-gutter-tablet=\"30\" data-mason-gal-gutter-mobile=\"20\"><div class=\"ut-image-gallery-item-wrap\"><div data-effect=\"fadeIn\" data-animateonce=\"yes\" data-count=\"4\" class=\"ut-image-gallery-item ut-animate-gallery-element animated\"><a  class=\"ut-vc-images-lightbox ut-vc-images-lightbox-group-image\"  data-exthumbimage=\"https:\/\/petsdrawings.com\/wp-content\/uploads\/2025\/03\/Kira-Sox.heic\" href=\"https:\/\/petsdrawings.com\/wp-content\/uploads\/2025\/03\/Kira-Sox.heic\" ><div class=\"ut-image-gallery-image\" ><img loading=\"lazy\" decoding=\"async\"  class=\"ut-lazy skip-lazy\" src=\"data:image\/svg+xml;charset=utf-8,%3Csvg xmlns%3D'http%3A%2F%2Fwww.w3.org%2F2000%2Fsvg' viewBox%3D'0 0 1 1'%2F%3E\" data-src=\"https:\/\/petsdrawings.com\/wp-content\/uploads\/2025\/03\/Kira-Sox.heic\" width=\"1\" height=\"1\"><div class=\"ut-video-module-loading\"><div class=\"ut-image-gallery-loader\"><div class=\"ut-image-gallery-loader-inner\"><\/div><\/div><\/div><div class=\"ut-image-gallery-image-caption\"><div class=\"ut-image-gallery-item-caption-title\"><h3>Kira & Sox<\/h3><\/div><\/div><\/div><\/a><\/div><\/div><div class=\"ut-image-gallery-item-wrap\"><div data-effect=\"fadeIn\" data-animateonce=\"yes\" data-count=\"2\" class=\"ut-image-gallery-item ut-animate-gallery-element animated\"><a  class=\"ut-vc-images-lightbox ut-vc-images-lightbox-group-image\"  data-exthumbimage=\"https:\/\/petsdrawings.com\/wp-content\/uploads\/2025\/03\/Kira-Sox-200x200.png\" href=\"https:\/\/petsdrawings.com\/wp-content\/uploads\/2025\/03\/Kira-Sox-1080x1080.png\" ><div class=\"ut-image-gallery-image\" ><img loading=\"lazy\" decoding=\"async\"  class=\"ut-lazy skip-lazy\" src=\"data:image\/svg+xml;charset=utf-8,%3Csvg xmlns%3D'http%3A%2F%2Fwww.w3.org%2F2000%2Fsvg' viewBox%3D'0 0 867 867'%2F%3E\" data-src=\"https:\/\/petsdrawings.com\/wp-content\/uploads\/2025\/03\/Kira-Sox-867x867.png\" width=\"867\" height=\"867\"><div class=\"ut-video-module-loading\"><div class=\"ut-image-gallery-loader\"><div class=\"ut-image-gallery-loader-inner\"><\/div><\/div><\/div><div class=\"ut-image-gallery-image-caption\"><div class=\"ut-image-gallery-item-caption-title\"><h3>Sox & Kira<\/h3><\/div><\/div><\/div><\/a><\/div><\/div><div class=\"ut-image-gallery-item-wrap\"><div data-effect=\"fadeIn\" data-animateonce=\"yes\" data-count=\"2\" class=\"ut-image-gallery-item ut-animate-gallery-element animated\"><a  class=\"ut-vc-images-lightbox ut-vc-images-lightbox-group-image\"  data-exthumbimage=\"https:\/\/petsdrawings.com\/wp-content\/uploads\/2023\/04\/French-Bulldog-photo-200x200.jpg\" href=\"https:\/\/petsdrawings.com\/wp-content\/uploads\/2023\/04\/French-Bulldog-photo-1438x1080.jpg\" ><div class=\"ut-image-gallery-image\" ><img loading=\"lazy\" decoding=\"async\"  class=\"ut-lazy skip-lazy\" src=\"data:image\/svg+xml;charset=utf-8,%3Csvg xmlns%3D'http%3A%2F%2Fwww.w3.org%2F2000%2Fsvg' viewBox%3D'0 0 1154 867'%2F%3E\" data-src=\"https:\/\/petsdrawings.com\/wp-content\/uploads\/2023\/04\/French-Bulldog-photo-1154x867.jpg\" width=\"1154\" height=\"867\"><div class=\"ut-video-module-loading\"><div class=\"ut-image-gallery-loader\"><div class=\"ut-image-gallery-loader-inner\"><\/div><\/div><\/div><div class=\"ut-image-gallery-image-caption\"><div class=\"ut-image-gallery-item-caption-title\"><h3>Frankie photo<\/h3><\/div><\/div><\/div><\/a><\/div><\/div><div class=\"ut-image-gallery-item-wrap\"><div data-effect=\"fadeIn\" data-animateonce=\"yes\" data-count=\"2\" class=\"ut-image-gallery-item ut-animate-gallery-element animated\"><a  class=\"ut-vc-images-lightbox ut-vc-images-lightbox-group-image\"  data-exthumbimage=\"https:\/\/petsdrawings.com\/wp-content\/uploads\/2023\/04\/French-Bulldog-drawing-200x200.jpeg\" href=\"https:\/\/petsdrawings.com\/wp-content\/uploads\/2023\/04\/French-Bulldog-drawing-1551x1080.jpeg\" ><div class=\"ut-image-gallery-image\" ><img loading=\"lazy\" decoding=\"async\"  class=\"ut-lazy skip-lazy\" src=\"data:image\/svg+xml;charset=utf-8,%3Csvg xmlns%3D'http%3A%2F%2Fwww.w3.org%2F2000%2Fsvg' viewBox%3D'0 0 1245 867'%2F%3E\" data-src=\"https:\/\/petsdrawings.com\/wp-content\/uploads\/2023\/04\/French-Bulldog-drawing-1245x867.jpeg\" width=\"1245\" height=\"867\"><div class=\"ut-video-module-loading\"><div class=\"ut-image-gallery-loader\"><div class=\"ut-image-gallery-loader-inner\"><\/div><\/div><\/div><div class=\"ut-image-gallery-image-caption\"><div class=\"ut-image-gallery-item-caption-title\"><h3>Frankie drawing<\/h3><\/div><\/div><\/div><\/a><\/div><\/div><div class=\"ut-image-gallery-sizer\"><\/div><div class=\"clear\"><\/div><\/div><\/div><\/div><\/div><\/div><\/div><div class=\"vc_row-full-width vc_clearfix\"><\/div><a data-id=\"section-without-id\" class=\"ut-vc-offset-anchor-bottom\" name=\"section-without-id\"><\/a><\/section><div class=\"vc_row-full-width vc_clearfix\"><\/div>","protected":false},"excerpt":{"rendered":"#ut_header_69d13928db798 h1.section-title { font-size:100px !important;line-height:120px !important;letter-spacing:-0.03em; }@media (min-width: 1025px) and (max-width: 1679px) {#ut_header_69d13928db798 h1.section-title { font-size:60px !important; }}@media (min-width: 768px) and (max-width: 1024px) {#ut_header_69d13928db798 h1.section-title { font-size:50px !important; }}@media (max-width: 767px) {#ut_header_69d13928db798 h1.section-title { font-size:40px !important; }}OrderTo create a customized drawing of your pet, it's important that you send a clear photo of their face. [...]","protected":false},"author":1,"featured_media":0,"parent":0,"menu_order":0,"comment_status":"closed","ping_status":"closed","template":"","meta":{"footnotes":""},"class_list":["post-1635","page","type-page","status-publish","hentry"],"yoast_head":"<!-- This site is optimized with the Yoast SEO plugin v25.2 - https:\/\/yoast.com\/wordpress\/plugins\/seo\/ -->\n<title>Order - Pets Drawings by Meili Stringfellow<\/title>\n<meta name=\"robots\" content=\"index, follow, max-snippet:-1, max-image-preview:large, max-video-preview:-1\" \/>\n<link rel=\"canonical\" href=\"https:\/\/petsdrawings.com\/es\/order\/\" \/>\n<meta property=\"og:locale\" content=\"es_ES\" \/>\n<meta property=\"og:type\" content=\"article\" \/>\n<meta property=\"og:title\" content=\"Order - Pets Drawings by Meili Stringfellow\" \/>\n<meta property=\"og:url\" content=\"https:\/\/petsdrawings.com\/es\/order\/\" \/>\n<meta property=\"og:site_name\" content=\"Pets Drawings by Meili Stringfellow\" \/>\n<meta property=\"article:modified_time\" content=\"2025-03-07T19:26:27+00:00\" \/>\n<meta name=\"twitter:card\" content=\"summary_large_image\" \/>\n<meta name=\"twitter:label1\" content=\"Tiempo de lectura\" \/>\n\t<meta name=\"twitter:data1\" content=\"1 minuto\" \/>\n<script type=\"application\/ld+json\" class=\"yoast-schema-graph\">{\"@context\":\"https:\/\/schema.org\",\"@graph\":[{\"@type\":\"WebPage\",\"@id\":\"https:\/\/petsdrawings.com\/order\/\",\"url\":\"https:\/\/petsdrawings.com\/order\/\",\"name\":\"Order - Pets Drawings by Meili Stringfellow\",\"isPartOf\":{\"@id\":\"https:\/\/petsdrawings.com\/#website\"},\"datePublished\":\"2023-05-05T10:06:33+00:00\",\"dateModified\":\"2025-03-07T19:26:27+00:00\",\"breadcrumb\":{\"@id\":\"https:\/\/petsdrawings.com\/order\/#breadcrumb\"},\"inLanguage\":\"es\",\"potentialAction\":[{\"@type\":\"ReadAction\",\"target\":[\"https:\/\/petsdrawings.com\/order\/\"]}]},{\"@type\":\"BreadcrumbList\",\"@id\":\"https:\/\/petsdrawings.com\/order\/#breadcrumb\",\"itemListElement\":[{\"@type\":\"ListItem\",\"position\":1,\"name\":\"Home\",\"item\":\"https:\/\/petsdrawings.com\/\"},{\"@type\":\"ListItem\",\"position\":2,\"name\":\"Order\"}]},{\"@type\":\"WebSite\",\"@id\":\"https:\/\/petsdrawings.com\/#website\",\"url\":\"https:\/\/petsdrawings.com\/\",\"name\":\"Pets Drawings by Meili Stringfellow\",\"description\":\"\",\"publisher\":{\"@id\":\"https:\/\/petsdrawings.com\/#\/schema\/person\/0528af946604d107d919166794eb4add\"},\"potentialAction\":[{\"@type\":\"SearchAction\",\"target\":{\"@type\":\"EntryPoint\",\"urlTemplate\":\"https:\/\/petsdrawings.com\/?s={search_term_string}\"},\"query-input\":{\"@type\":\"PropertyValueSpecification\",\"valueRequired\":true,\"valueName\":\"search_term_string\"}}],\"inLanguage\":\"es\"},{\"@type\":[\"Person\",\"Organization\"],\"@id\":\"https:\/\/petsdrawings.com\/#\/schema\/person\/0528af946604d107d919166794eb4add\",\"name\":\"Meili Stringfellow\",\"image\":{\"@type\":\"ImageObject\",\"inLanguage\":\"es\",\"@id\":\"https:\/\/petsdrawings.com\/#\/schema\/person\/image\/\",\"url\":\"https:\/\/petsdrawings.com\/wp-content\/uploads\/2023\/03\/logo_web.jpg\",\"contentUrl\":\"https:\/\/petsdrawings.com\/wp-content\/uploads\/2023\/03\/logo_web.jpg\",\"width\":480,\"height\":264,\"caption\":\"Meili Stringfellow\"},\"logo\":{\"@id\":\"https:\/\/petsdrawings.com\/#\/schema\/person\/image\/\"},\"sameAs\":[\"https:\/\/petsdrawings.com\/\"]}]}<\/script>\n<!-- \/ Yoast SEO plugin. -->","yoast_head_json":{"title":"Order - Pets Drawings by Meili Stringfellow","robots":{"index":"index","follow":"follow","max-snippet":"max-snippet:-1","max-image-preview":"max-image-preview:large","max-video-preview":"max-video-preview:-1"},"canonical":"https:\/\/petsdrawings.com\/es\/order\/","og_locale":"es_ES","og_type":"article","og_title":"Order - Pets Drawings by Meili Stringfellow","og_url":"https:\/\/petsdrawings.com\/es\/order\/","og_site_name":"Pets Drawings by Meili Stringfellow","article_modified_time":"2025-03-07T19:26:27+00:00","twitter_card":"summary_large_image","twitter_misc":{"Tiempo de lectura":"1 minuto"},"schema":{"@context":"https:\/\/schema.org","@graph":[{"@type":"WebPage","@id":"https:\/\/petsdrawings.com\/order\/","url":"https:\/\/petsdrawings.com\/order\/","name":"Order - Pets Drawings by Meili Stringfellow","isPartOf":{"@id":"https:\/\/petsdrawings.com\/#website"},"datePublished":"2023-05-05T10:06:33+00:00","dateModified":"2025-03-07T19:26:27+00:00","breadcrumb":{"@id":"https:\/\/petsdrawings.com\/order\/#breadcrumb"},"inLanguage":"es","potentialAction":[{"@type":"ReadAction","target":["https:\/\/petsdrawings.com\/order\/"]}]},{"@type":"BreadcrumbList","@id":"https:\/\/petsdrawings.com\/order\/#breadcrumb","itemListElement":[{"@type":"ListItem","position":1,"name":"Home","item":"https:\/\/petsdrawings.com\/"},{"@type":"ListItem","position":2,"name":"Order"}]},{"@type":"WebSite","@id":"https:\/\/petsdrawings.com\/#website","url":"https:\/\/petsdrawings.com\/","name":"Pets Drawings by Meili Stringfellow","description":"","publisher":{"@id":"https:\/\/petsdrawings.com\/#\/schema\/person\/0528af946604d107d919166794eb4add"},"potentialAction":[{"@type":"SearchAction","target":{"@type":"EntryPoint","urlTemplate":"https:\/\/petsdrawings.com\/?s={search_term_string}"},"query-input":{"@type":"PropertyValueSpecification","valueRequired":true,"valueName":"search_term_string"}}],"inLanguage":"es"},{"@type":["Person","Organization"],"@id":"https:\/\/petsdrawings.com\/#\/schema\/person\/0528af946604d107d919166794eb4add","name":"Meili Stringfellow","image":{"@type":"ImageObject","inLanguage":"es","@id":"https:\/\/petsdrawings.com\/#\/schema\/person\/image\/","url":"https:\/\/petsdrawings.com\/wp-content\/uploads\/2023\/03\/logo_web.jpg","contentUrl":"https:\/\/petsdrawings.com\/wp-content\/uploads\/2023\/03\/logo_web.jpg","width":480,"height":264,"caption":"Meili Stringfellow"},"logo":{"@id":"https:\/\/petsdrawings.com\/#\/schema\/person\/image\/"},"sameAs":["https:\/\/petsdrawings.com\/"]}]}},"_links":{"self":[{"href":"https:\/\/petsdrawings.com\/es\/wp-json\/wp\/v2\/pages\/1635","targetHints":{"allow":["GET"]}}],"collection":[{"href":"https:\/\/petsdrawings.com\/es\/wp-json\/wp\/v2\/pages"}],"about":[{"href":"https:\/\/petsdrawings.com\/es\/wp-json\/wp\/v2\/types\/page"}],"author":[{"embeddable":true,"href":"https:\/\/petsdrawings.com\/es\/wp-json\/wp\/v2\/users\/1"}],"replies":[{"embeddable":true,"href":"https:\/\/petsdrawings.com\/es\/wp-json\/wp\/v2\/comments?post=1635"}],"version-history":[{"count":20,"href":"https:\/\/petsdrawings.com\/es\/wp-json\/wp\/v2\/pages\/1635\/revisions"}],"predecessor-version":[{"id":1737,"href":"https:\/\/petsdrawings.com\/es\/wp-json\/wp\/v2\/pages\/1635\/revisions\/1737"}],"wp:attachment":[{"href":"https:\/\/petsdrawings.com\/es\/wp-json\/wp\/v2\/media?parent=1635"}],"curies":[{"name":"wp","href":"https:\/\/api.w.org\/{rel}","templated":true}]}}