{"id":1464,"date":"2023-04-27T20:50:36","date_gmt":"2023-04-27T20:50:36","guid":{"rendered":"https:\/\/petsdrawings.com\/?page_id=1464"},"modified":"2023-04-29T17:20:33","modified_gmt":"2023-04-29T17:20:33","slug":"cookie-policy","status":"publish","type":"page","link":"https:\/\/petsdrawings.com\/es\/cookie-policy\/","title":{"rendered":"Pol\u00edtica de Cookies"},"content":{"rendered":"<h1>Pol\u00edtica de Cookies<\/h1>\n<p>&nbsp;<\/p>\n<p>A\u00a0\u00a0<em>cookie<\/em>\u00a0\u00a0es un peque\u00f1o archivo de texto que se almacena en su navegador cuando visita casi cualquier p\u00e1gina web. Su utilidad es que la web sea capaz de recordar su visita cuando vuelva a navegar por esa p\u00e1gina. Las cookies suelen almacenar informaci\u00f3n de car\u00e1cter t\u00e9cnico, preferencias personales, personalizaci\u00f3n de contenidos, estad\u00edsticas de uso, enlaces a redes sociales, acceso\u00a0<em>to<\/em>\u00a0\u00a0user accounts, etc.\u00a0The purpose of the\u00a0\u00a0<em>cookie<\/em>\u00a0\u00a0is to adapt the content of the web to your profile and needs, without\u00a0\u00a0<em>cookies<\/em>\u00a0\u00a0the services offered by any page would be significantly reduced.<\/p>\n<p><strong>COOKIES UTILIZADAS EN ESTE SITIO WEB<\/strong><\/p>\n<p>Siguiendo las directrices de la Agencia Espa\u00f1ola de Protecci\u00f3n de Datos, procedemos a detallar el uso de\u00a0\u00a0<em>cookies<\/em>\u00a0\u00a0realizadas por este sitio web con el fin de informarle con la mayor precisi\u00f3n posible.<\/p>\n<p>Este sitio web utiliza los siguientes\u00a0\u00a0<strong>own cookies<\/strong>\u00a0:<\/p>\n<ul>\n<li>Cookies de sesi\u00f3n, para garantizar que los usuarios que escriben comentarios en el blog son humanos y no aplicaciones automatizadas. As\u00ed es como\u00a0\u00a0<em>spam<\/em>\u00a0is combated .<\/li>\n<\/ul>\n<p>Este sitio web utiliza los siguientes\u00a0\u00a0<strong>third-party cookies<\/strong>\u00a0:<\/p>\n<ul>\n<li>Google Analytics: Stores\u00a0\u00a0<em>cookies\u00a0<\/em>\u00a0para poder elaborar estad\u00edsticas sobre el tr\u00e1fico y volumen de visitas de este sitio web. Al utilizar este sitio web usted est\u00e1 consintiendo el tratamiento de informaci\u00f3n acerca de usted por parte de Google. Por tanto, el ejercicio de cualquier derecho en este sentido deber\u00e1 hacerlo comunicando directamente con Google.<\/li>\n<li>Redes sociales: Cada red social utiliza su propia\u00a0\u00a0<em>cookies\u00a0<\/em>\u00a0so that you can click on buttons of the\u00a0\u00a0<em>Like<\/em>\u00a0\u00a0o\u00a0\u00a0<em>Share<\/em>\u00a0type .<\/li>\n<\/ul>\n<p><strong>DESACTIVACI\u00d3N O ELIMINACI\u00d3N DE COOKIES<\/strong><\/p>\n<p>En cualquier momento podr\u00e1 ejercer su derecho de desactivaci\u00f3n o eliminaci\u00f3n de cookies de este sitio web. Estas acciones se realizan de manera diferente seg\u00fan el navegador que est\u00e9 utilizando.<\/p>\n<p><strong>NOTAS ADICIONALES<\/strong><\/p>\n<ul>\n<li>Ni esta web ni sus representantes legales se hacen responsables ni del contenido ni de la veracidad de las pol\u00edticas de privacidad que puedan tener los terceros mencionados en esta pol\u00edtica de cookies.\u00a0\u00a0<em>have<\/em>\u00a0.<\/li>\n<li>Los navegadores web son las herramientas encargadas de almacenar\u00a0\u00a0<em>cookies\u00a0<\/em>\u00a0y desde este lugar deber\u00e1 ejercer su derecho a eliminaci\u00f3n o desactivaci\u00f3n de las mismas. Ni esta web ni sus representantes legales pueden garantizar la correcta o incorrecta manipulaci\u00f3n de\u00a0\u00a0<em>cookies<\/em>\u00a0\u00a0por los navegadores antes mencionados.<\/li>\n<li>En algunos casos es necesario instalar\u00a0\u00a0<em>cookies\u00a0<\/em>\u00a0para que el navegador no olvide su decisi\u00f3n de no aceptaci\u00f3n de las mismas.<\/li>\n<li>En el caso de Google Analytics\u00a0<em>cookies\u00a0<\/em>\u00a0, esta empresa almacena\u00a0\u00a0<em>cookies<\/em>\u00a0\u00a0en servidores ubicados en Estados Unidos y se compromete a no compartirlos con terceros, excepto en los casos en que sea necesario para el funcionamiento del sistema o cuando la ley as\u00ed lo exija. Seg\u00fan Google, no almacena su direcci\u00f3n IP. Google Inc. es una empresa adherida al Acuerdo de Puerto Seguro que garantiza que todos los datos transferidos ser\u00e1n tratados con un nivel de protecci\u00f3n acorde a la normativa europea.<\/li>\n<li>Para cualquier duda o consulta al respecto\u00a0\u00a0<em>cookie\u00a0<\/em>\u00a0pol\u00edtica, no dude en ponerse en contacto con nosotros a trav\u00e9s de la secci\u00f3n de contacto.<\/li>\n<\/ul>\n<p><strong>\u00bfQU\u00c9 ES UNA COOKIE?<\/strong><\/p>\n<p>A\u00a0\u00a0<em>cookie is a\u00a0<\/em><strong>harmless<\/strong>\u00a0\u00a0text file\u00a0\u00a0\u00a0that is stored in your browser when you visit almost any web page.\u00a0The purpose of the\u00a0\u00a0<em>cookie<\/em>\u00a0\u00a0is that the website is able to remember your visit when you return to that page.\u00a0Although many people do not know it,\u00a0\u00a0<em>cookies<\/em>\u00a0\u00a0have been used for 20 years, when the first browsers for the World Wide Web appeared.<\/p>\n<p><strong>WHAT IS NOT A COOKIE?<\/strong><\/p>\n<p>No es un virus, ni un troyano, ni un gusano, ni spam, ni spyware, ni abre ventanas emergentes.<\/p>\n<p><strong>\u00bfQU\u00c9 INFORMACI\u00d3N TIENE UN\u00a0<\/strong><em><strong>COOKIE<\/strong><\/em><strong>\u00a0ALMACENAR ?\u00a0<\/strong><\/p>\n<p>Las cookies\u00a0\u00a0\u00a0no suelen almacenar informaci\u00f3n sensible sobre ti, como tarjetas de cr\u00e9dito o datos bancarios, fotograf\u00edas, tu DNI o informaci\u00f3n personal,\u00a0<em>etc.\u00a0<\/em>Las cookies\u00a0\u00a0\u00a0no suelen almacenar informaci\u00f3n sensible sobre ti, como tarjetas de cr\u00e9dito o datos bancarios, fotograf\u00edas, tu DNI o informaci\u00f3n personal,<\/p>\n<p>El servidor web no te asocia a ti como persona sino a tu navegador web. De hecho, si navegas habitualmente con Internet Explorer e intentas navegar por la misma web con Firefox o Chrome, ver\u00e1s que la web no se da cuenta de que eres la misma persona porque en realidad est\u00e1s asociando al navegador, no a la persona.<\/p>\n<p><strong>QUE TIPO DE\u00a0<\/strong><em><strong>COOKIES<\/strong><\/em><strong>\u00a0\u00bfHAY?\u00a0\u00a0<\/strong><\/p>\n<ul>\n<li><em>Cookies t\u00e9cnicas\u00a0<\/em>\u00a0: Son las m\u00e1s b\u00e1sicas y permiten, entre otras cosas, saber cu\u00e1ndo est\u00e1 navegando una persona o una aplicaci\u00f3n automatizada, cu\u00e1ndo navega un usuario an\u00f3nimo y un usuario registrado, tareas b\u00e1sicas para el funcionamiento de cualquier sitio web din\u00e1mico.<\/li>\n<li>Analysis\u00a0<em>Cookies: Recogen informaci\u00f3n sobre el tipo de navegaci\u00f3n que est\u00e1 realizando, las secciones que m\u00e1s utiliza, productos consultados, franja horaria de uso, idioma, etc.<\/em><\/li>\n<li><em>Cookies publicitarias\u00a0<\/em>\u00a0: Muestran publicidad en funci\u00f3n de tu navegaci\u00f3n, tu pa\u00eds de origen, idioma, etc.<\/li>\n<\/ul>\n<p><strong>QUE SON PROPIOS Y DE TERCEROS\u00a0<\/strong><em><strong>COOKIES ?<\/strong><\/em><strong>\u00a0\u00a0<\/strong><\/p>\n<p><em>Cookies propias<\/em>\u00a0son\u00a0\u00a0\u00a0las generadas por la p\u00e1gina que est\u00e1s visitando y de\u00a0\u00a0<em>terceros<\/em>\u00a0Las cookies son las generadas por servicios o proveedores externos como Facebook, Twitter, Google, etc.<\/p>\n<p><strong>QUE PASA SI ME DESHABILITO\u00a0<\/strong><em><strong>COOKIES<\/strong><\/em><strong>\u00a0?\u00a0<\/strong><\/p>\n<p>Para entender el alcance que tiene desactivar\u00a0\u00a0<em>cookies<\/em>\u00a0puede tener, te mostramos algunos ejemplos:<\/p>\n<ul>\n<li>No podr\u00e1 compartir contenido de este sitio web en Facebook, Twitter o cualquier otra red social.<\/li>\n<li>El sitio web no podr\u00e1 adaptar los contenidos a sus preferencias personales, como suele ocurrir en las tiendas online.<\/li>\n<li>No podr\u00e1 acceder al \u00e1rea personal de esa web, como por ejemplo\u00a0\u00a0<em>My account<\/em>\u00a0, or\u00a0\u00a0<em>My profile<\/em>\u00a0o\u00a0\u00a0<em>My orders<\/em>\u00a0.<\/li>\n<li>Tiendas online: Te ser\u00e1 imposible realizar compras online, tendr\u00e1s que hacerlas por tel\u00e9fono o visitando la tienda f\u00edsica si dispones de ella.<\/li>\n<li>No ser\u00e1 posible personalizar sus preferencias geogr\u00e1ficas como zona horaria, moneda o idioma.<\/li>\n<li>El sitio web no podr\u00e1 realizar anal\u00edticas web sobre visitantes y tr\u00e1fico web, lo que dificultar\u00e1 que el sitio web sea competitivo.<\/li>\n<li>No podr\u00e1s escribir en el blog, no podr\u00e1s subir fotos, publicar comentarios, calificar o puntuar contenidos. La web tampoco podr\u00e1 saber si eres un humano o una aplicaci\u00f3n automatizada que publica\u00a0\u00a0<em>spam<\/em>\u00a0.<\/li>\n<li>No se podr\u00e1 mostrar publicidad sectorizada, lo que reducir\u00e1 los ingresos publicitarios de la web.<\/li>\n<li>Todas las redes sociales usan\u00a0\u00a0<em>cookies<\/em>\u00a0, si las desactivas no podr\u00e1s utilizar ninguna red social.<\/li>\n<\/ul>\n<p><strong>PUEDEN LAS\u00a0<\/strong><em><strong>COOKIES<\/strong><\/em><strong>\u00a0SER BORRADAS?\u00a0<\/strong><\/p>\n<p>S\u00ed. No solo eliminar, sino tambi\u00e9n bloquear, de forma general o particular para un dominio espec\u00edfico.<\/p>\n<p>Borrar\u00a0\u00a0<em>cookies<\/em>\u00a0\u00a0from a website, you must go to your browser settings and there you can search for those associated with the domain in question and proceed to delete them.<\/p>\n<p><strong>CONFIGURACI\u00d3N DE\u00a0<\/strong><em><strong>COOKIES<\/strong><\/em><strong>\u00a0PARA LOS NAVEGADORES M\u00c1S POPULARES\u00a0\u00a0<\/strong><\/p>\n<p>Aqu\u00ed se explica c\u00f3mo acceder a un\u00a0\u00a0<strong>Chrome<\/strong>\u00a0\u00a0navegador\u00a0\u00a0<em>cookie<\/em>\u00a0. Nota: estos pasos pueden variar seg\u00fan la versi\u00f3n del navegador:<\/p>\n<ol>\n<li>Ve a Ajustes o Preferencias a trav\u00e9s del men\u00fa Archivo o haciendo clic en el icono de personalizaci\u00f3n que aparece arriba a la derecha.<\/li>\n<li>Ver\u00e1 diferentes secciones, haga clic en el\u00a0\u00a0<em>Show advanced options<\/em>\u00a0option .<\/li>\n<li>Ir a\u00a0\u00a0<em>Privacidad<\/em>\u00a0,\u00a0\u00a0<em>Configuraci\u00f3n de contenido<\/em>\u00a0.<\/li>\n<li>Seleccionar\u00a0\u00a0<em>Todas las cookies y datos del sitio<\/em>\u00a0.<\/li>\n<li>Aparecer\u00e1 una lista con todos los\u00a0\u00a0<em>cookies\u00a0<\/em>\u00a0ordenada por dominio. Para que le resulte m\u00e1s f\u00e1cil encontrar el\u00a0\u00a0<em>cookies<\/em>\u00a0\u00a0de un determinado dominio, ingrese la direcci\u00f3n parcial o totalmente en el\u00a0\u00a0<em>Buscar cookies<\/em>\u00a0en el campo.<\/li>\n<li>Tras realizar este filtro aparecer\u00e1n en pantalla una o varias l\u00edneas con el\u00a0\u00a0<em>cookies\u00a0<\/em>\u00a0del sitio web solicitado. Ahora solo tienes que seleccionarlo y pulsar el bot\u00f3n\u00a0\u00a0<em>X<\/em>\u00a0\u00a0proceder a su eliminaci\u00f3n.<\/li>\n<\/ol>\n<p>Para acceder a la\u00a0\u00a0<em>configuraci\u00f3n de cookies del\u00a0<\/em><strong>Internet Explorer<\/strong>\u00a0\u00a0navegador,\u00a0\u00a0\u00a0siga estos pasos (pueden variar en funci\u00f3n de la versi\u00f3n del navegador):<\/p>\n<ol>\n<li>Ir a\u00a0\u00a0<em>Herramientas<\/em>\u00a0,\u00a0\u00a0<em>Opciones de internet<\/em><\/li>\n<li>Click en\u00a0\u00a0<em>Privacidad<\/em>\u00a0.<\/li>\n<li>Mueva el control deslizante para establecer el nivel de privacidad que desea.<\/li>\n<\/ol>\n<p>Para acceder a la\u00a0\u00a0<em>configuraci\u00f3n de cookies del\u00a0<\/em><strong>Firefox<\/strong>\u00a0\u00a0navegador,\u00a0\u00a0\u00a0siga estos pasos (pueden variar en funci\u00f3n de la versi\u00f3n del navegador):<\/p>\n<ol>\n<li>Ir a\u00a0\u00a0<em>Opciones\u00a0<\/em>\u00a0o\u00a0\u00a0<em>Preferencias<\/em>\u00a0\u00a0dependiendo de su sistema operativo.<\/li>\n<li>Click en\u00a0\u00a0<em>Privacidad<\/em>\u00a0.<\/li>\n<li>Abajo en\u00a0\u00a0<em>History\u00a0<\/em>\u00a0Selecciona\u00a0\u00a0<em>Utilizar la configuraci\u00f3n personalizada para el historial<\/em>\u00a0.<\/li>\n<li>Ahora ver\u00e1s la opci\u00f3n\u00a0\u00a0<em>Aceptar cookies<\/em>\u00a0, puedes activarlo o desactivarlo seg\u00fan tus preferencias.<\/li>\n<\/ol>\n<p>Para acceder a la\u00a0\u00a0<em>cookie<\/em>\u00a0configuraci\u00f3n del navegador Safari\u00a0\u00a0<strong>para MAC OSX<\/strong>\u00a0\u00a0navegador,\u00a0\u00a0\u00a0siga estos pasos (pueden variar en funci\u00f3n de la versi\u00f3n del navegador):<\/p>\n<ol>\n<li>Ir a\u00a0\u00a0<em>Preferencias<\/em>\u00a0en\u00a0\u00a0<em>Privacidad<\/em>\u00a0.<\/li>\n<li>Ahora ver\u00e1s la opci\u00f3n\u00a0\u00a0<em>Bloquear cookies\u00a0<\/em>\u00a0para que puedas ajustar el tipo de bloqueo que quieres realizar.<\/li>\n<\/ol>\n<p>Para acceder a la\u00a0\u00a0<em>cookie<\/em>\u00a0configuraci\u00f3n del navegador Safari\u00a0\u00a0<strong>para iOS,<\/strong>\u00a0\u00a0navegador,\u00a0\u00a0\u00a0siga estos pasos (pueden variar en funci\u00f3n de la versi\u00f3n del navegador):<\/p>\n<ol>\n<li>Ir a\u00a0\u00a0<em>Configuraci\u00f3n<\/em>\u00a0en\u00a0\u00a0<em>Safari<\/em>\u00a0.<\/li>\n<li>Ir a\u00a0\u00a0<em>Privacidad y Seguridad<\/em>\u00a0Ahora ver\u00e1s la opci\u00f3n\u00a0\u00a0<em>Bloquear cookies\u00a0<\/em>\u00a0para que puedas ajustar el tipo de bloqueo que quieres realizar.<\/li>\n<\/ol>\n<p><em>Acceder a la cookie del navegador<\/em>\u00a0Configuraci\u00f3n para\u00a0\u00a0<strong>Android<\/strong>\u00a0navegador,\u00a0\u00a0\u00a0siga estos pasos (pueden variar en funci\u00f3n de la versi\u00f3n del navegador):<\/p>\n<ol>\n<li>Inicie el navegador y presione el bot\u00f3n\u00a0\u00a0<em>Menu<\/em>\u00a0en\u00a0\u00a0<em>Configuraci\u00f3n<\/em>\u00a0.<\/li>\n<li>Ir a\u00a0\u00a0<em>Privacidad y Seguridad<\/em>\u00a0Ahora ver\u00e1s la opci\u00f3n\u00a0\u00a0<em>Aceptar cookies\u00a0<\/em>\u00a0para que puedas activar o desactivar la casilla.<\/li>\n<\/ol>\n<p><em>Acceder a la cookie del navegador<\/em>\u00a0Configuraci\u00f3n para\u00a0\u00a0<strong>Windows Phone<\/strong>\u00a0navegador,\u00a0\u00a0\u00a0siga estos pasos (pueden variar en funci\u00f3n de la versi\u00f3n del navegador):<\/p>\n<ol>\n<li>Abrir\u00a0\u00a0<em>Internet Explorer<\/em>\u00a0en\u00a0\u00a0<em>mas<\/em>\u00a0en\u00a0\u00a0<em>Configuraci\u00f3n<\/em><\/li>\n<li>Ahora puede marcar o desmarcar la\u00a0\u00a0<em>Permitir cookies<\/em>\u00a0en la casilla.<\/li>\n<\/ol>\n<p><strong>EXPANSI\u00d3N DE GOOGLE ANALYTICS<\/strong><\/p>\n<p>Este sitio web utiliza Google Analytics, un servicio de an\u00e1lisis web proporcionado por Google, Inc. (\"Google\"). Google Analytics utiliza las llamadas \u201ccookies\u201d, archivos de texto que se instalan en el ordenador y que permiten analizar el comportamiento de los usuarios en Internet. La informaci\u00f3n que genera la cookie sobre el uso del sitio web por parte del usuario se transmite y almacena generalmente en los servidores de Google en los Estados Unidos. Si se activa la opci\u00f3n de IP an\u00f3nima en el sitio web, la direcci\u00f3n IP no aparecer\u00e1 en su totalidad dentro de los pa\u00edses de la Uni\u00f3n Europea o en otros pa\u00edses que hayan acordado hacerlo dentro del espacio econ\u00f3mico de la Uni\u00f3n Europea. Solo excepcionalmente se transmitir\u00e1 la direcci\u00f3n IP completa a un servidor de Google en EE. UU. y se acortar\u00e1 all\u00ed. \u00danicamente con la autorizaci\u00f3n del usuario de la p\u00e1gina, Google utilizar\u00e1 esta informaci\u00f3n con el fin de evaluar el comportamiento del usuario en el sitio web, generar informes sobre las actividades del sitio web y ofrecer al titular de la p\u00e1gina servicios relacionados con el uso de el sitio web y de Internet. La direcci\u00f3n IP transmitida por su navegador en el marco de Google Analytics no se asociar\u00e1 con otros datos de Google. El usuario puede evitar el almacenamiento de cookies configurando el navegador en consecuencia para que no se almacenen cookies. Esta configuraci\u00f3n puede afectar la funcionalidad completa del sitio web. Al utilizar este sitio web, el usuario acepta el procesamiento de datos por parte de Google en la forma antes mencionada.\u00a0<a href=\"http:\/\/tools.google.com\/dlpage\/gaoptout\"><strong>http:\/\/tools.google.com\/dlpage\/gaoptout<\/strong><\/a><\/p>\n<p>M\u00e1s informaci\u00f3n sobre los t\u00e9rminos y condiciones de uso y pol\u00edtica de privacidad en\u00a0\u00a0<a href=\"https:\/\/www.google.com\/analytics\/terms\/es.html\"><strong>las condiciones de uso de Google Analytics<\/strong><\/a>\u00a0\u00a0o en el\u00a0\u00a0<a href=\"https:\/\/www.google.com\/analytics\/learn\/privacy.html\"><strong>condiciones generales de Google Analytics<\/strong><\/a>\u00a0. Tenga en cuenta que en esta p\u00e1gina el c\u00f3digo de an\u00e1lisis de Google incluye la etiqueta \u201cgat._anonymizeIp();\u201d, que garantiza la recopilaci\u00f3n de direcciones IP de forma an\u00f3nima (m\u00e1scara de IP).<\/p>\n<p><strong>RECAPTCHA<\/strong><\/p>\n<p>We use the reCAPTCHA service of Google Inc. (Google) to protect data submitted through forms on our users&#8217; pages.\u00a0This service makes it possible to differentiate the data sent by people from automated messages and involves the transmission of the IP address and other data required by Google for the use of the reCAPTCHA service.\u00a0For this purpose, the data will be transmitted to Google in order to be used.\u00a0The IP address will be encrypted by Google in the member states of the European Union as well as in the states associated with the European Economic Area.\u00a0Only in a few exceptional cases will the IP addresses be transmitted to a Google server in the United States for encryption.\u00a0On behalf of the owner of this website,\u00a0Google will use this information to evaluate the use of the service by users.\u00a0The IP address transmitted by reCAPTCHA will be kept separate from other Google data.\u00a0Google&#8217;s privacy policy applies to these data.\u00a0All the details about Google&#8217;s privacy policy can be read on the page\u00a0<a href=\"https:\/\/policies.google.com\/privacy?hl=es\"><strong>https:\/\/policies.google.com\/privacy?hl=es<\/strong><\/a>\u00a0\u00a0Al utilizar el servicio reCAPTCHA, el usuario consiente el tratamiento de los datos que sobre \u00e9l tiene Google en la forma y para los fines establecidos anteriormente.<\/p>","protected":false},"excerpt":{"rendered":"<p>Cookie Policy &nbsp; A\u00a0\u00a0cookie\u00a0\u00a0is a small text file that is stored in your browser when you visit almost any web page.\u00a0Its usefulness is that the web is able to remember your visit when you return to browse that page.\u00a0Cookies\u00a0 usually store information of a technical nature, personal preferences, content customization, usage statistics, links to social [&hellip;]<\/p>","protected":false},"author":1,"featured_media":0,"parent":0,"menu_order":0,"comment_status":"closed","ping_status":"open","template":"","meta":{"footnotes":""},"class_list":["post-1464","page","type-page","status-publish","hentry"],"yoast_head":"<!-- This site is optimized with the Yoast SEO plugin v25.2 - https:\/\/yoast.com\/wordpress\/plugins\/seo\/ -->\n<title>Cookie Policy - Pets Drawings by Meili Stringfellow<\/title>\n<meta name=\"robots\" content=\"index, follow, max-snippet:-1, max-image-preview:large, max-video-preview:-1\" \/>\n<link rel=\"canonical\" href=\"https:\/\/petsdrawings.com\/es\/cookie-policy\/\" \/>\n<meta property=\"og:locale\" content=\"es_ES\" \/>\n<meta property=\"og:type\" content=\"article\" \/>\n<meta property=\"og:title\" content=\"Cookie Policy - Pets Drawings by Meili Stringfellow\" \/>\n<meta property=\"og:description\" content=\"Cookie Policy &nbsp; A\u00a0\u00a0cookie\u00a0\u00a0is a small text file that is stored in your browser when you visit almost any web page.\u00a0Its usefulness is that the web is able to remember your visit when you return to browse that page.\u00a0Cookies\u00a0 usually store information of a technical nature, personal preferences, content customization, usage statistics, links to social [&hellip;]\" \/>\n<meta property=\"og:url\" content=\"https:\/\/petsdrawings.com\/es\/cookie-policy\/\" \/>\n<meta property=\"og:site_name\" content=\"Pets Drawings by Meili Stringfellow\" \/>\n<meta property=\"article:modified_time\" content=\"2023-04-29T17:20:33+00:00\" \/>\n<meta name=\"twitter:card\" content=\"summary_large_image\" \/>\n<meta name=\"twitter:label1\" content=\"Tiempo de lectura\" \/>\n\t<meta name=\"twitter:data1\" content=\"10 minutos\" \/>\n<script type=\"application\/ld+json\" class=\"yoast-schema-graph\">{\"@context\":\"https:\/\/schema.org\",\"@graph\":[{\"@type\":\"WebPage\",\"@id\":\"https:\/\/petsdrawings.com\/cookie-policy\/\",\"url\":\"https:\/\/petsdrawings.com\/cookie-policy\/\",\"name\":\"Cookie Policy - Pets Drawings by Meili Stringfellow\",\"isPartOf\":{\"@id\":\"https:\/\/petsdrawings.com\/#website\"},\"datePublished\":\"2023-04-27T20:50:36+00:00\",\"dateModified\":\"2023-04-29T17:20:33+00:00\",\"breadcrumb\":{\"@id\":\"https:\/\/petsdrawings.com\/cookie-policy\/#breadcrumb\"},\"inLanguage\":\"es\",\"potentialAction\":[{\"@type\":\"ReadAction\",\"target\":[\"https:\/\/petsdrawings.com\/cookie-policy\/\"]}]},{\"@type\":\"BreadcrumbList\",\"@id\":\"https:\/\/petsdrawings.com\/cookie-policy\/#breadcrumb\",\"itemListElement\":[{\"@type\":\"ListItem\",\"position\":1,\"name\":\"Home\",\"item\":\"https:\/\/petsdrawings.com\/\"},{\"@type\":\"ListItem\",\"position\":2,\"name\":\"Cookie Policy\"}]},{\"@type\":\"WebSite\",\"@id\":\"https:\/\/petsdrawings.com\/#website\",\"url\":\"https:\/\/petsdrawings.com\/\",\"name\":\"Pets Drawings by Meili Stringfellow\",\"description\":\"\",\"publisher\":{\"@id\":\"https:\/\/petsdrawings.com\/#\/schema\/person\/0528af946604d107d919166794eb4add\"},\"potentialAction\":[{\"@type\":\"SearchAction\",\"target\":{\"@type\":\"EntryPoint\",\"urlTemplate\":\"https:\/\/petsdrawings.com\/?s={search_term_string}\"},\"query-input\":{\"@type\":\"PropertyValueSpecification\",\"valueRequired\":true,\"valueName\":\"search_term_string\"}}],\"inLanguage\":\"es\"},{\"@type\":[\"Person\",\"Organization\"],\"@id\":\"https:\/\/petsdrawings.com\/#\/schema\/person\/0528af946604d107d919166794eb4add\",\"name\":\"Meili Stringfellow\",\"image\":{\"@type\":\"ImageObject\",\"inLanguage\":\"es\",\"@id\":\"https:\/\/petsdrawings.com\/#\/schema\/person\/image\/\",\"url\":\"https:\/\/petsdrawings.com\/wp-content\/uploads\/2023\/03\/logo_web.jpg\",\"contentUrl\":\"https:\/\/petsdrawings.com\/wp-content\/uploads\/2023\/03\/logo_web.jpg\",\"width\":480,\"height\":264,\"caption\":\"Meili Stringfellow\"},\"logo\":{\"@id\":\"https:\/\/petsdrawings.com\/#\/schema\/person\/image\/\"},\"sameAs\":[\"https:\/\/petsdrawings.com\/\"]}]}<\/script>\n<!-- \/ Yoast SEO plugin. -->","yoast_head_json":{"title":"Cookie Policy - Pets Drawings by Meili Stringfellow","robots":{"index":"index","follow":"follow","max-snippet":"max-snippet:-1","max-image-preview":"max-image-preview:large","max-video-preview":"max-video-preview:-1"},"canonical":"https:\/\/petsdrawings.com\/es\/cookie-policy\/","og_locale":"es_ES","og_type":"article","og_title":"Cookie Policy - Pets Drawings by Meili Stringfellow","og_description":"Cookie Policy &nbsp; A\u00a0\u00a0cookie\u00a0\u00a0is a small text file that is stored in your browser when you visit almost any web page.\u00a0Its usefulness is that the web is able to remember your visit when you return to browse that page.\u00a0Cookies\u00a0 usually store information of a technical nature, personal preferences, content customization, usage statistics, links to social [&hellip;]","og_url":"https:\/\/petsdrawings.com\/es\/cookie-policy\/","og_site_name":"Pets Drawings by Meili Stringfellow","article_modified_time":"2023-04-29T17:20:33+00:00","twitter_card":"summary_large_image","twitter_misc":{"Tiempo de lectura":"10 minutos"},"schema":{"@context":"https:\/\/schema.org","@graph":[{"@type":"WebPage","@id":"https:\/\/petsdrawings.com\/cookie-policy\/","url":"https:\/\/petsdrawings.com\/cookie-policy\/","name":"Cookie Policy - Pets Drawings by Meili Stringfellow","isPartOf":{"@id":"https:\/\/petsdrawings.com\/#website"},"datePublished":"2023-04-27T20:50:36+00:00","dateModified":"2023-04-29T17:20:33+00:00","breadcrumb":{"@id":"https:\/\/petsdrawings.com\/cookie-policy\/#breadcrumb"},"inLanguage":"es","potentialAction":[{"@type":"ReadAction","target":["https:\/\/petsdrawings.com\/cookie-policy\/"]}]},{"@type":"BreadcrumbList","@id":"https:\/\/petsdrawings.com\/cookie-policy\/#breadcrumb","itemListElement":[{"@type":"ListItem","position":1,"name":"Home","item":"https:\/\/petsdrawings.com\/"},{"@type":"ListItem","position":2,"name":"Cookie Policy"}]},{"@type":"WebSite","@id":"https:\/\/petsdrawings.com\/#website","url":"https:\/\/petsdrawings.com\/","name":"Pets Drawings by Meili Stringfellow","description":"","publisher":{"@id":"https:\/\/petsdrawings.com\/#\/schema\/person\/0528af946604d107d919166794eb4add"},"potentialAction":[{"@type":"SearchAction","target":{"@type":"EntryPoint","urlTemplate":"https:\/\/petsdrawings.com\/?s={search_term_string}"},"query-input":{"@type":"PropertyValueSpecification","valueRequired":true,"valueName":"search_term_string"}}],"inLanguage":"es"},{"@type":["Person","Organization"],"@id":"https:\/\/petsdrawings.com\/#\/schema\/person\/0528af946604d107d919166794eb4add","name":"Meili Stringfellow","image":{"@type":"ImageObject","inLanguage":"es","@id":"https:\/\/petsdrawings.com\/#\/schema\/person\/image\/","url":"https:\/\/petsdrawings.com\/wp-content\/uploads\/2023\/03\/logo_web.jpg","contentUrl":"https:\/\/petsdrawings.com\/wp-content\/uploads\/2023\/03\/logo_web.jpg","width":480,"height":264,"caption":"Meili Stringfellow"},"logo":{"@id":"https:\/\/petsdrawings.com\/#\/schema\/person\/image\/"},"sameAs":["https:\/\/petsdrawings.com\/"]}]}},"_links":{"self":[{"href":"https:\/\/petsdrawings.com\/es\/wp-json\/wp\/v2\/pages\/1464","targetHints":{"allow":["GET"]}}],"collection":[{"href":"https:\/\/petsdrawings.com\/es\/wp-json\/wp\/v2\/pages"}],"about":[{"href":"https:\/\/petsdrawings.com\/es\/wp-json\/wp\/v2\/types\/page"}],"author":[{"embeddable":true,"href":"https:\/\/petsdrawings.com\/es\/wp-json\/wp\/v2\/users\/1"}],"replies":[{"embeddable":true,"href":"https:\/\/petsdrawings.com\/es\/wp-json\/wp\/v2\/comments?post=1464"}],"version-history":[{"count":2,"href":"https:\/\/petsdrawings.com\/es\/wp-json\/wp\/v2\/pages\/1464\/revisions"}],"predecessor-version":[{"id":1521,"href":"https:\/\/petsdrawings.com\/es\/wp-json\/wp\/v2\/pages\/1464\/revisions\/1521"}],"wp:attachment":[{"href":"https:\/\/petsdrawings.com\/es\/wp-json\/wp\/v2\/media?parent=1464"}],"curies":[{"name":"wp","href":"https:\/\/api.w.org\/{rel}","templated":true}]}}